{"id":314,"date":"2015-04-02T08:28:26","date_gmt":"2015-04-02T07:28:26","guid":{"rendered":"http:\/\/www.bematec.ch\/de\/accueil\/"},"modified":"2016-09-21T14:14:23","modified_gmt":"2016-09-21T13:14:23","slug":"accueil","status":"publish","type":"page","link":"http:\/\/www.bematec.ch\/de\/","title":{"rendered":"HOME"},"content":{"rendered":"","protected":false},"excerpt":{"rendered":"","protected":false},"author":1,"featured_media":0,"parent":0,"menu_order":0,"comment_status":"open","ping_status":"closed","template":"","meta":{"footnotes":""},"class_list":["post-314","page","type-page","status-publish","hentry"],"yoast_head":"<!-- This site is optimized with the Yoast SEO plugin v27.3 - https:\/\/yoast.com\/product\/yoast-seo-wordpress\/ -->\n<title>Bematec - Maschinenlieferant f\u00fcr die papierindustrie<\/title>\n<meta name=\"description\" content=\"BemaTec SA, fr\u00fcher Bolton Emerson SA, wurde 1960 als Lieferant von Maschinen und Dienstleistungen f\u00fcr die Papier- und Kunststoffindustrie im schweizerischen Lausanne gegr\u00fcndet.\" \/>\n<meta name=\"robots\" content=\"index, follow, max-snippet:-1, max-image-preview:large, max-video-preview:-1\" \/>\n<link rel=\"canonical\" href=\"https:\/\/www.bematec.ch\/de\/\" \/>\n<meta property=\"og:locale\" content=\"de_DE\" \/>\n<meta property=\"og:type\" content=\"article\" \/>\n<meta property=\"og:title\" content=\"Bematec - Maschinenlieferant f\u00fcr die papierindustrie\" \/>\n<meta property=\"og:description\" content=\"BemaTec SA, fr\u00fcher Bolton Emerson SA, wurde 1960 als Lieferant von Maschinen und Dienstleistungen f\u00fcr die Papier- und Kunststoffindustrie im schweizerischen Lausanne gegr\u00fcndet.\" \/>\n<meta property=\"og:url\" content=\"https:\/\/www.bematec.ch\/de\/\" \/>\n<meta property=\"og:site_name\" content=\"Bematec SA\" \/>\n<meta property=\"article:modified_time\" content=\"2016-09-21T13:14:23+00:00\" \/>\n<meta property=\"og:image\" content=\"http:\/\/www.bematec.ch\/wp-content\/uploads\/2016\/06\/IE-Bematec.jpg\" \/>\n\t<meta property=\"og:image:width\" content=\"973\" \/>\n\t<meta property=\"og:image:height\" content=\"615\" \/>\n\t<meta property=\"og:image:type\" content=\"image\/jpeg\" \/>\n<meta name=\"twitter:card\" content=\"summary_large_image\" \/>\n<script type=\"application\/ld+json\" class=\"yoast-schema-graph\">{\"@context\":\"https:\\\/\\\/schema.org\",\"@graph\":[{\"@type\":\"WebPage\",\"@id\":\"https:\\\/\\\/www.bematec.ch\\\/de\\\/\",\"url\":\"https:\\\/\\\/www.bematec.ch\\\/de\\\/\",\"name\":\"Bematec - Maschinenlieferant f\u00fcr die papierindustrie\",\"isPartOf\":{\"@id\":\"http:\\\/\\\/www.bematec.ch\\\/#website\"},\"datePublished\":\"2015-04-02T07:28:26+00:00\",\"dateModified\":\"2016-09-21T13:14:23+00:00\",\"description\":\"BemaTec SA, fr\u00fcher Bolton Emerson SA, wurde 1960 als Lieferant von Maschinen und Dienstleistungen f\u00fcr die Papier- und Kunststoffindustrie im schweizerischen Lausanne gegr\u00fcndet.\",\"breadcrumb\":{\"@id\":\"https:\\\/\\\/www.bematec.ch\\\/de\\\/#breadcrumb\"},\"inLanguage\":\"de\",\"potentialAction\":[{\"@type\":\"ReadAction\",\"target\":[\"https:\\\/\\\/www.bematec.ch\\\/de\\\/\"]}]},{\"@type\":\"BreadcrumbList\",\"@id\":\"https:\\\/\\\/www.bematec.ch\\\/de\\\/#breadcrumb\",\"itemListElement\":[{\"@type\":\"ListItem\",\"position\":1,\"name\":\"Accueil\",\"item\":\"https:\\\/\\\/www.bematec.ch\\\/de\\\/\"},{\"@type\":\"ListItem\",\"position\":2,\"name\":\"HOME\"}]},{\"@type\":\"WebSite\",\"@id\":\"http:\\\/\\\/www.bematec.ch\\\/#website\",\"url\":\"http:\\\/\\\/www.bematec.ch\\\/\",\"name\":\"Bematec SA\",\"description\":\"\",\"potentialAction\":[{\"@type\":\"SearchAction\",\"target\":{\"@type\":\"EntryPoint\",\"urlTemplate\":\"http:\\\/\\\/www.bematec.ch\\\/?s={search_term_string}\"},\"query-input\":{\"@type\":\"PropertyValueSpecification\",\"valueRequired\":true,\"valueName\":\"search_term_string\"}}],\"inLanguage\":\"de\"}]}<\/script>\n<!-- \/ Yoast SEO plugin. -->","yoast_head_json":{"title":"Bematec - Maschinenlieferant f\u00fcr die papierindustrie","description":"BemaTec SA, fr\u00fcher Bolton Emerson SA, wurde 1960 als Lieferant von Maschinen und Dienstleistungen f\u00fcr die Papier- und Kunststoffindustrie im schweizerischen Lausanne gegr\u00fcndet.","robots":{"index":"index","follow":"follow","max-snippet":"max-snippet:-1","max-image-preview":"max-image-preview:large","max-video-preview":"max-video-preview:-1"},"canonical":"https:\/\/www.bematec.ch\/de\/","og_locale":"de_DE","og_type":"article","og_title":"Bematec - Maschinenlieferant f\u00fcr die papierindustrie","og_description":"BemaTec SA, fr\u00fcher Bolton Emerson SA, wurde 1960 als Lieferant von Maschinen und Dienstleistungen f\u00fcr die Papier- und Kunststoffindustrie im schweizerischen Lausanne gegr\u00fcndet.","og_url":"https:\/\/www.bematec.ch\/de\/","og_site_name":"Bematec SA","article_modified_time":"2016-09-21T13:14:23+00:00","og_image":[{"width":973,"height":615,"url":"http:\/\/www.bematec.ch\/wp-content\/uploads\/2016\/06\/IE-Bematec.jpg","type":"image\/jpeg"}],"twitter_card":"summary_large_image","schema":{"@context":"https:\/\/schema.org","@graph":[{"@type":"WebPage","@id":"https:\/\/www.bematec.ch\/de\/","url":"https:\/\/www.bematec.ch\/de\/","name":"Bematec - Maschinenlieferant f\u00fcr die papierindustrie","isPartOf":{"@id":"http:\/\/www.bematec.ch\/#website"},"datePublished":"2015-04-02T07:28:26+00:00","dateModified":"2016-09-21T13:14:23+00:00","description":"BemaTec SA, fr\u00fcher Bolton Emerson SA, wurde 1960 als Lieferant von Maschinen und Dienstleistungen f\u00fcr die Papier- und Kunststoffindustrie im schweizerischen Lausanne gegr\u00fcndet.","breadcrumb":{"@id":"https:\/\/www.bematec.ch\/de\/#breadcrumb"},"inLanguage":"de","potentialAction":[{"@type":"ReadAction","target":["https:\/\/www.bematec.ch\/de\/"]}]},{"@type":"BreadcrumbList","@id":"https:\/\/www.bematec.ch\/de\/#breadcrumb","itemListElement":[{"@type":"ListItem","position":1,"name":"Accueil","item":"https:\/\/www.bematec.ch\/de\/"},{"@type":"ListItem","position":2,"name":"HOME"}]},{"@type":"WebSite","@id":"http:\/\/www.bematec.ch\/#website","url":"http:\/\/www.bematec.ch\/","name":"Bematec SA","description":"","potentialAction":[{"@type":"SearchAction","target":{"@type":"EntryPoint","urlTemplate":"http:\/\/www.bematec.ch\/?s={search_term_string}"},"query-input":{"@type":"PropertyValueSpecification","valueRequired":true,"valueName":"search_term_string"}}],"inLanguage":"de"}]}},"_links":{"self":[{"href":"http:\/\/www.bematec.ch\/de\/wp-json\/wp\/v2\/pages\/314","targetHints":{"allow":["GET"]}}],"collection":[{"href":"http:\/\/www.bematec.ch\/de\/wp-json\/wp\/v2\/pages"}],"about":[{"href":"http:\/\/www.bematec.ch\/de\/wp-json\/wp\/v2\/types\/page"}],"author":[{"embeddable":true,"href":"http:\/\/www.bematec.ch\/de\/wp-json\/wp\/v2\/users\/1"}],"replies":[{"embeddable":true,"href":"http:\/\/www.bematec.ch\/de\/wp-json\/wp\/v2\/comments?post=314"}],"version-history":[{"count":2,"href":"http:\/\/www.bematec.ch\/de\/wp-json\/wp\/v2\/pages\/314\/revisions"}],"predecessor-version":[{"id":337,"href":"http:\/\/www.bematec.ch\/de\/wp-json\/wp\/v2\/pages\/314\/revisions\/337"}],"wp:attachment":[{"href":"http:\/\/www.bematec.ch\/de\/wp-json\/wp\/v2\/media?parent=314"}],"curies":[{"name":"wp","href":"https:\/\/api.w.org\/{rel}","templated":true}]}}